{"id":7520,"date":"2024-12-17T11:40:44","date_gmt":"2024-12-17T08:40:44","guid":{"rendered":"https:\/\/www.uryatech.com\/our-mission\/"},"modified":"2025-01-14T10:05:30","modified_gmt":"2025-01-14T07:05:30","slug":"misyonumuz","status":"publish","type":"page","link":"https:\/\/www.uryatech.com\/tr\/misyonumuz\/","title":{"rendered":"Misyonumuz"},"content":{"rendered":"\t\t<div data-elementor-type=\"wp-page\" data-elementor-id=\"7520\" class=\"elementor elementor-7520\">\n\t\t\t\t\t\t<section class=\"elementor-section elementor-top-section elementor-element elementor-element-4ce74c52 elementor-section-height-min-height elementor-section-content-middle elementor-section-boxed elementor-section-height-default elementor-section-items-middle\" data-id=\"4ce74c52\" data-element_type=\"section\" data-e-type=\"section\" data-settings=\"{&quot;background_background&quot;:&quot;classic&quot;}\">\n\t\t\t\t\t\t\t<div class=\"elementor-background-overlay\"><\/div>\n\t\t\t\t\t\t\t<div class=\"elementor-container elementor-column-gap-default\">\n\t\t\t\t\t<div class=\"elementor-column elementor-col-50 elementor-top-column elementor-element elementor-element-43c1ca9e\" data-id=\"43c1ca9e\" data-element_type=\"column\" data-e-type=\"column\">\n\t\t\t<div class=\"elementor-widget-wrap elementor-element-populated\">\n\t\t\t\t\t\t<div class=\"elementor-element elementor-element-4b412c27 elementor-invisible elementor-widget elementor-widget-heading\" data-id=\"4b412c27\" data-element_type=\"widget\" data-e-type=\"widget\" data-settings=\"{&quot;_animation&quot;:&quot;fadeIn&quot;}\" data-widget_type=\"heading.default\">\n\t\t\t\t<div class=\"elementor-widget-container\">\n\t\t\t\t\t<h1 class=\"elementor-heading-title elementor-size-default\">Misyonumuz<\/h1>\t\t\t\t<\/div>\n\t\t\t\t<\/div>\n\t\t\t\t\t<\/div>\n\t\t<\/div>\n\t\t\t\t<div class=\"elementor-column elementor-col-50 elementor-top-column elementor-element elementor-element-63fbc3b6 elementor-hidden-mobile elementor-hidden-tablet\" data-id=\"63fbc3b6\" data-element_type=\"column\" data-e-type=\"column\">\n\t\t\t<div class=\"elementor-widget-wrap\">\n\t\t\t\t\t\t\t<\/div>\n\t\t<\/div>\n\t\t\t\t\t<\/div>\n\t\t<\/section>\n\t\t\t\t<section class=\"elementor-section elementor-top-section elementor-element elementor-element-5f366a97 elementor-section-boxed elementor-section-height-default elementor-section-height-default\" data-id=\"5f366a97\" data-element_type=\"section\" data-e-type=\"section\" data-settings=\"{&quot;background_background&quot;:&quot;gradient&quot;}\">\n\t\t\t\t\t\t<div class=\"elementor-container elementor-column-gap-wider\">\n\t\t\t\t\t<div class=\"elementor-column elementor-col-100 elementor-top-column elementor-element elementor-element-46d7c8aa\" data-id=\"46d7c8aa\" data-element_type=\"column\" data-e-type=\"column\" data-settings=\"{&quot;background_background&quot;:&quot;classic&quot;}\">\n\t\t\t<div class=\"elementor-widget-wrap elementor-element-populated\">\n\t\t\t\t\t\t<div class=\"elementor-element elementor-element-6c5d707d elementor-widget__width-inherit elementor-widget-tablet__width-initial elementor-widget elementor-widget-text-editor\" data-id=\"6c5d707d\" data-element_type=\"widget\" data-e-type=\"widget\" data-widget_type=\"text-editor.default\">\n\t\t\t\t<div class=\"elementor-widget-container\">\n\t\t\t\t\t\t\t\t\t<p>Misyonumuz her \u015feyi zaman\u0131nda yaparak, i\u015f ortaklar\u0131m\u0131z\u0131n memnuniyetini sa\u011flay\u0131p, kaliteli, prosese uygun hatlar \u00fcretmek olup, sat\u0131\u015f sonras\u0131 teknik destek hizmeti vererek s\u00fcrekli yan\u0131nda olmakt\u0131r<\/p>\t\t\t\t\t\t\t\t<\/div>\n\t\t\t\t<\/div>\n\t\t\t\t\t<\/div>\n\t\t<\/div>\n\t\t\t\t\t<\/div>\n\t\t<\/section>\n\t\t\t\t<section class=\"elementor-section elementor-top-section elementor-element elementor-element-54a2c50 elementor-section-height-min-height elementor-section-content-middle elementor-section-boxed elementor-section-height-default elementor-section-items-middle\" data-id=\"54a2c50\" data-element_type=\"section\" data-e-type=\"section\" data-settings=\"{&quot;background_background&quot;:&quot;classic&quot;}\">\n\t\t\t\t\t\t<div class=\"elementor-container elementor-column-gap-no\">\n\t\t\t\t\t<div class=\"elementor-column elementor-col-50 elementor-top-column elementor-element elementor-element-1d6b8c4\" data-id=\"1d6b8c4\" data-element_type=\"column\" data-e-type=\"column\" data-settings=\"{&quot;background_background&quot;:&quot;classic&quot;}\">\n\t\t\t<div class=\"elementor-widget-wrap elementor-element-populated\">\n\t\t\t\t\t\t<div class=\"elementor-element elementor-element-12405cb elementor-widget elementor-widget-elementskit-heading\" data-id=\"12405cb\" data-element_type=\"widget\" data-e-type=\"widget\" data-widget_type=\"elementskit-heading.default\">\n\t\t\t\t<div class=\"elementor-widget-container\">\n\t\t\t\t\t<div class=\"ekit-wid-con\" ><div class=\"ekit-heading elementskit-section-title-wraper text_left   ekit_heading_tablet-   ekit_heading_mobile-\"><h3 class=\"elementskit-section-subtitle  \">\n\t\t\t\t\t\tBiz sizinle ileti\u015fime ge\u00e7ece\u011fiz\n\t\t\t\t\t<\/h3><h2 class=\"ekit-heading--title elementskit-section-title \">Bize Ula\u015f\u0131n<\/h2><\/div><\/div>\t\t\t\t<\/div>\n\t\t\t\t<\/div>\n\t\t\t\t<div class=\"elementor-element elementor-element-873b571 fluentform-widget-submit-button-custom elementor-widget elementor-widget-fluent-form-widget\" data-id=\"873b571\" data-element_type=\"widget\" data-e-type=\"widget\" data-widget_type=\"fluent-form-widget.default\">\n\t\t\t\t<div class=\"elementor-widget-container\">\n\t\t\t\t\t\n            <div class=\"fluentform-widget-wrapper fluentform-widget-align-default\">\n\n            \n            <div class='fluentform ff-default fluentform_wrapper_4 ffs_default_wrap'><form data-form_id=\"4\" id=\"fluentform_4\" class=\"frm-fluent-form fluent_form_4 ff-el-form-top ff_form_instance_4_1 ff-form-loading ffs_default\" data-form_instance=\"ff_form_instance_4_1\" method=\"POST\" ><fieldset  style=\"border: none!important;margin: 0!important;padding: 0!important;background-color: transparent!important;box-shadow: none!important;outline: none!important; min-inline-size: 100%;\">\n                    <legend class=\"ff_screen_reader_title\" style=\"display: block; margin: 0!important;padding: 0!important;height: 0!important;text-indent: -999999px;width: 0!important;overflow:hidden;\">\u0130leti\u015fim Formu TR (#4)<\/legend><input type='hidden' name='__fluent_form_embded_post_id' value='7520' \/><input type=\"hidden\" id=\"_fluentform_4_fluentformnonce\" name=\"_fluentform_4_fluentformnonce\" value=\"22c36436f8\" \/><input type=\"hidden\" name=\"_wp_http_referer\" value=\"\/tr\/wp-json\/wp\/v2\/pages\/7520\" \/><div data-type=\"name-element\" data-name=\"name\" class=\" ff-field_container ff-name-field-wrapper\" ><div class='ff-t-container'><div class='ff-t-cell '><div class='ff-el-group'><div class=\"ff-el-input--label asterisk-right\"><label for='ff_4_name_first_name_' id='label_ff_4_name_first_name_' >Ad\u0131n\u0131z<\/label><\/div><div class='ff-el-input--content'><input type=\"text\" name=\"name[first_name]\" id=\"ff_4_name_first_name_\" class=\"ff-el-form-control\" placeholder=\"Ad\u0131n\u0131z\" aria-invalid=\"false\" aria-required=false><\/div><\/div><\/div><div class='ff-t-cell '><div class='ff-el-group'><div class=\"ff-el-input--label asterisk-right\"><label for='ff_4_name_last_name_' id='label_ff_4_name_last_name_' >Soyad\u0131n\u0131z<\/label><\/div><div class='ff-el-input--content'><input type=\"text\" name=\"name[last_name]\" id=\"ff_4_name_last_name_\" class=\"ff-el-form-control\" placeholder=\"Soyad\u0131n\u0131z\" aria-invalid=\"false\" aria-required=false><\/div><\/div><\/div><\/div><\/div><div class='ff-el-group'><div class=\"ff-el-input--label ff-el-is-required asterisk-right\"><label for='ff_4_email' id='label_ff_4_email' aria-label=\"Email Adresiniz\">Email Adresiniz<\/label><\/div><div class='ff-el-input--content'><input type=\"email\" name=\"email\" id=\"ff_4_email\" class=\"ff-el-form-control\" placeholder=\"Email Adresiniz\" data-name=\"email\"  aria-invalid=\"false\" aria-required=true><\/div><\/div><div class='ff-el-group'><div class=\"ff-el-input--label asterisk-right\"><label for='ff_4_subject' id='label_ff_4_subject' aria-label=\"Konu\">Konu<\/label><\/div><div class='ff-el-input--content'><input type=\"text\" name=\"subject\" class=\"ff-el-form-control\" data-name=\"subject\" id=\"ff_4_subject\"  aria-invalid=\"false\" aria-required=false><\/div><\/div><div class='ff-el-group'><div class=\"ff-el-input--label ff-el-is-required asterisk-right\"><label for='ff_4_message' id='label_ff_4_message' aria-label=\"Mesaj\u0131n\u0131z\">Mesaj\u0131n\u0131z<\/label><\/div><div class='ff-el-input--content'><textarea aria-required=\"true\" aria-labelledby=\"label_ff_4_message\" name=\"message\" id=\"ff_4_message\" class=\"ff-el-form-control\" placeholder=\"Mesaj\u0131n\u0131z\" rows=\"4\" cols=\"2\" data-name=\"message\" ><\/textarea><\/div><\/div><div class='ff-el-group ' ><div class='ff-el-input--content'><div data-fluent_id='4' name='g-recaptcha-response'><div\n\t\tdata-sitekey='6LenLj0rAAAAAKDoJz87IEDhWsT5AidPiuBppsZq'\n\t\tid='fluentform-recaptcha-4-1'\n\t\tclass='ff-el-recaptcha g-recaptcha'\n\t\tdata-callback='fluentFormrecaptchaSuccessCallback'><\/div><\/div><\/div><\/div><div class='ff-el-group ff-text-left ff_submit_btn_wrapper'><button type=\"submit\" class=\"ff-btn ff-btn-submit ff-btn-md ff_btn_style\"  aria-label=\"G\u00f6nder\">G\u00f6nder<\/button><\/div><\/fieldset><\/form><div id='fluentform_4_errors' class='ff-errors-in-stack ff_form_instance_4_1 ff-form-loading_errors ff_form_instance_4_1_errors'><\/div><\/div>            <script type=\"text\/javascript\">\n                window.fluent_form_ff_form_instance_4_1 = {\"id\":\"4\",\"ajaxUrl\":\"https:\\\/\\\/www.uryatech.com\\\/wp-admin\\\/admin-ajax.php\",\"settings\":{\"layout\":{\"labelPlacement\":\"top\",\"helpMessagePlacement\":\"with_label\",\"errorMessagePlacement\":\"inline\",\"cssClassName\":\"\",\"asteriskPlacement\":\"asterisk-right\"},\"restrictions\":{\"denyEmptySubmission\":{\"enabled\":false}}},\"form_instance\":\"ff_form_instance_4_1\",\"form_id_selector\":\"fluentform_4\",\"rules\":{\"name[first_name]\":{\"required\":{\"value\":false,\"message\":\"This field is required\",\"global\":false,\"global_message\":\"This field is required\"}},\"name[middle_name]\":{\"required\":{\"value\":false,\"message\":\"This field is required\",\"global\":false,\"global_message\":\"This field is required\"}},\"name[last_name]\":{\"required\":{\"value\":false,\"message\":\"This field is required\",\"global\":false,\"global_message\":\"This field is required\"}},\"email\":{\"required\":{\"value\":true,\"message\":\"Bu alan gereklidir\",\"global\":false,\"global_message\":\"This field is required\"},\"email\":{\"value\":true,\"message\":\"Bu alan ge\\u00e7erli bir e-posta i\\u00e7ermelidir\",\"global\":false,\"global_message\":\"This field must contain a valid email\"}},\"subject\":{\"required\":{\"value\":false,\"message\":\"This field is required\",\"global\":false,\"global_message\":\"This field is required\"}},\"message\":{\"required\":{\"value\":true,\"message\":\"Bu alan gereklidir\",\"global\":false,\"global_message\":\"This field is required\"}},\"g-recaptcha-response\":[]},\"debounce_time\":300};\n                            <\/script>\n                        <\/div>\n\n            \t\t\t\t<\/div>\n\t\t\t\t<\/div>\n\t\t\t\t\t<\/div>\n\t\t<\/div>\n\t\t\t\t<div class=\"elementor-column elementor-col-50 elementor-top-column elementor-element elementor-element-a22c946\" data-id=\"a22c946\" data-element_type=\"column\" data-e-type=\"column\">\n\t\t\t<div class=\"elementor-widget-wrap elementor-element-populated\">\n\t\t\t\t\t\t<div class=\"elementor-element elementor-element-a2c5210 elementor-widget elementor-widget-elementskit-testimonial\" data-id=\"a2c5210\" data-element_type=\"widget\" data-e-type=\"widget\" data-widget_type=\"elementskit-testimonial.default\">\n\t\t\t\t<div class=\"elementor-widget-container\">\n\t\t\t\t\t<div class=\"ekit-wid-con\" ><div class=\"elementskit-testimonial-slider ekit_testimonial_style_5 arrow_inside \" data-config=\"{&quot;rtl&quot;:false,&quot;arrows&quot;:false,&quot;dots&quot;:false,&quot;pauseOnHover&quot;:false,&quot;autoplay&quot;:true,&quot;speed&quot;:1000,&quot;slidesPerGroup&quot;:1,&quot;slidesPerView&quot;:1,&quot;loop&quot;:false,&quot;spaceBetween&quot;:0,&quot;breakpoints&quot;:{&quot;320&quot;:{&quot;slidesPerView&quot;:1,&quot;slidesPerGroup&quot;:1,&quot;spaceBetween&quot;:10},&quot;768&quot;:{&quot;slidesPerView&quot;:2,&quot;slidesPerGroup&quot;:1,&quot;spaceBetween&quot;:10},&quot;1024&quot;:{&quot;slidesPerView&quot;:1,&quot;slidesPerGroup&quot;:1,&quot;spaceBetween&quot;:15}}}\">\n\t<div class=\"ekit-main-swiper swiper\">\n\t\t<div class=\"swiper-wrapper\">\n\t\t\t\t\t\t\t<div class=\"swiper-slide\">\n\t\t\t\t\t<div class=\"swiper-slide-inner\">\n\t\t\t\t\t\t<div class=\"elementskit-single-testimonial-slider elementskit-testimonial-slider-block-style elementskit-testimonial-slider-block-style-two   elementor-repeater-item-b8cbd17\" >\n\t\t\t\t\t\t\t<div class=\"elementskit-commentor-header\">\n\t\t\t\t\t\t\t\t\n\t\t\t\t\t\t\t\t\t\t\t\t\t\t\t<\/div>\n\t\t\t\t\t\t\t\n\t\t\t\t\t\t\t\t\t\t\t\t\t\t\t<div class=\"elementskit-commentor-content\"><p>\"Uzman ekipleri sayesinde g\u0131da tesisimiz kusursuz bir \u015fekilde faaliyete ge\u00e7ti. Proses hatt\u0131 tasar\u0131m\u0131 ve makineleri hem kalite hem de performans a\u00e7\u0131s\u0131ndan beklentilerimizi a\u015ft\u0131.\"<\/p><\/div>\n\t\t\t\t\t\t\t\n\t\t\t\t\t\t\t<div class=\"elementskit-commentor-bio\">\n\t\t\t\t\t\t\t\t<div class=\"elementkit-commentor-details client_left\">\n\t\t\t\t\t\t\t\t\t\t\t\t\t\t\t\t\t\t<div class=\"elementskit-profile-info\">\n\t\t\t\t\t\t\t\t\t\t<strong class=\"elementskit-author-name\">Ali A.<\/strong>\n\t\t\t\t\t\t\t\t\t\t<span class=\"elementskit-author-des\">\u00dcretim M\u00fcd\u00fcr\u00fc<\/span>\n\t\t\t\t\t\t\t\t\t<\/div>\n\t\t\t\t\t\t\t\t<\/div>\n\t\t\t\t\t\t\t<\/div>\n\t\t\t\t\t\t<\/div>\n\t\t\t\t\t<\/div>\n\t\t\t\t<\/div>\n\t\t\t\t\t\t\t<div class=\"swiper-slide\">\n\t\t\t\t\t<div class=\"swiper-slide-inner\">\n\t\t\t\t\t\t<div class=\"elementskit-single-testimonial-slider elementskit-testimonial-slider-block-style elementskit-testimonial-slider-block-style-two   elementor-repeater-item-b21bc65\" >\n\t\t\t\t\t\t\t<div class=\"elementskit-commentor-header\">\n\t\t\t\t\t\t\t\t\n\t\t\t\t\t\t\t\t\t\t\t\t\t\t\t<\/div>\n\t\t\t\t\t\t\t\n\t\t\t\t\t\t\t\t\t\t\t\t\t\t\t<div class=\"elementskit-commentor-content\"><p>\"Tesis planlamas\u0131ndan personel e\u011fitimine kadar her \u015feyi kapsayan bir hizmet sa\u011flad\u0131lar. Uzmanl\u0131klar\u0131 t\u00fcm s\u00fcreci sorunsuz ve verimli hale getirdi.\"<\/p><\/div>\n\t\t\t\t\t\t\t\n\t\t\t\t\t\t\t<div class=\"elementskit-commentor-bio\">\n\t\t\t\t\t\t\t\t<div class=\"elementkit-commentor-details client_left\">\n\t\t\t\t\t\t\t\t\t\t\t\t\t\t\t\t\t\t<div class=\"elementskit-profile-info\">\n\t\t\t\t\t\t\t\t\t\t<strong class=\"elementskit-author-name\">Esma L.<\/strong>\n\t\t\t\t\t\t\t\t\t\t<span class=\"elementskit-author-des\">Operasyon Direkt\u00f6r\u00fc<\/span>\n\t\t\t\t\t\t\t\t\t<\/div>\n\t\t\t\t\t\t\t\t<\/div>\n\t\t\t\t\t\t\t<\/div>\n\t\t\t\t\t\t<\/div>\n\t\t\t\t\t<\/div>\n\t\t\t\t<\/div>\n\t\t\t\t\t<\/div>\n\n\t\t\n\t\t\t<\/div>\n<\/div><\/div>\t\t\t\t<\/div>\n\t\t\t\t<\/div>\n\t\t\t\t\t<\/div>\n\t\t<\/div>\n\t\t\t\t\t<\/div>\n\t\t<\/section>\n\t\t\t\t<\/div>\n\t\t","protected":false},"excerpt":{"rendered":"<p>Misyonumuz Misyonumuz her \u015feyi zaman\u0131nda yaparak, i\u015f ortaklar\u0131m\u0131z\u0131n memnuniyetini sa\u011flay\u0131p, kaliteli, prosese uygun hatlar \u00fcretmek olup, sat\u0131\u015f sonras\u0131 teknik destek hizmeti vererek s\u00fcrekli yan\u0131nda olmakt\u0131r Biz sizinle ileti\u015fime ge\u00e7ece\u011fiz Bize Ula\u015f\u0131n \u0130leti\u015fim Formu TR (#4) Ad\u0131n\u0131zSoyad\u0131n\u0131zEmail AdresinizKonuMesaj\u0131n\u0131zG\u00f6nder &#8220;Uzman ekipleri sayesinde g\u0131da tesisimiz kusursuz bir \u015fekilde faaliyete ge\u00e7ti. Proses hatt\u0131 tasar\u0131m\u0131 ve makineleri hem kalite hem [&hellip;]<\/p>\n","protected":false},"author":1,"featured_media":0,"parent":0,"menu_order":19,"comment_status":"closed","ping_status":"closed","template":"","meta":{"footnotes":""},"class_list":["post-7520","page","type-page","status-publish","hentry"],"aioseo_notices":[],"_links":{"self":[{"href":"https:\/\/www.uryatech.com\/tr\/wp-json\/wp\/v2\/pages\/7520","targetHints":{"allow":["GET"]}}],"collection":[{"href":"https:\/\/www.uryatech.com\/tr\/wp-json\/wp\/v2\/pages"}],"about":[{"href":"https:\/\/www.uryatech.com\/tr\/wp-json\/wp\/v2\/types\/page"}],"author":[{"embeddable":true,"href":"https:\/\/www.uryatech.com\/tr\/wp-json\/wp\/v2\/users\/1"}],"replies":[{"embeddable":true,"href":"https:\/\/www.uryatech.com\/tr\/wp-json\/wp\/v2\/comments?post=7520"}],"version-history":[{"count":10,"href":"https:\/\/www.uryatech.com\/tr\/wp-json\/wp\/v2\/pages\/7520\/revisions"}],"predecessor-version":[{"id":8628,"href":"https:\/\/www.uryatech.com\/tr\/wp-json\/wp\/v2\/pages\/7520\/revisions\/8628"}],"wp:attachment":[{"href":"https:\/\/www.uryatech.com\/tr\/wp-json\/wp\/v2\/media?parent=7520"}],"curies":[{"name":"wp","href":"https:\/\/api.w.org\/{rel}","templated":true}]}}