{"id":7478,"date":"2024-12-23T14:09:29","date_gmt":"2024-12-23T11:09:29","guid":{"rendered":"https:\/\/www.uryatech.com\/calibration-machine\/"},"modified":"2025-01-14T10:04:37","modified_gmt":"2025-01-14T07:04:37","slug":"boyutlama","status":"publish","type":"page","link":"https:\/\/www.uryatech.com\/tr\/boyutlama\/","title":{"rendered":"Boyutlama"},"content":{"rendered":"\t\t<div data-elementor-type=\"wp-page\" data-elementor-id=\"7478\" class=\"elementor elementor-7478\">\n\t\t\t\t\t\t<section class=\"elementor-section elementor-top-section elementor-element elementor-element-29c33355 elementor-section-height-min-height elementor-section-content-middle elementor-section-boxed elementor-section-height-default elementor-section-items-middle\" data-id=\"29c33355\" data-element_type=\"section\" data-e-type=\"section\" data-settings=\"{&quot;background_background&quot;:&quot;classic&quot;}\">\n\t\t\t\t\t\t\t<div class=\"elementor-background-overlay\"><\/div>\n\t\t\t\t\t\t\t<div class=\"elementor-container elementor-column-gap-default\">\n\t\t\t\t\t<div class=\"elementor-column elementor-col-50 elementor-top-column elementor-element elementor-element-60e15050\" data-id=\"60e15050\" data-element_type=\"column\" data-e-type=\"column\">\n\t\t\t<div class=\"elementor-widget-wrap elementor-element-populated\">\n\t\t\t\t\t\t<div class=\"elementor-element elementor-element-2682fc41 elementor-invisible elementor-widget elementor-widget-heading\" data-id=\"2682fc41\" data-element_type=\"widget\" data-e-type=\"widget\" data-settings=\"{&quot;_animation&quot;:&quot;fadeIn&quot;}\" data-widget_type=\"heading.default\">\n\t\t\t\t<div class=\"elementor-widget-container\">\n\t\t\t\t\t<h1 class=\"elementor-heading-title elementor-size-default\">Boyutlama<\/h1>\t\t\t\t<\/div>\n\t\t\t\t<\/div>\n\t\t\t\t\t<\/div>\n\t\t<\/div>\n\t\t\t\t<div class=\"elementor-column elementor-col-50 elementor-top-column elementor-element elementor-element-3c771531 elementor-hidden-mobile elementor-hidden-tablet\" data-id=\"3c771531\" data-element_type=\"column\" data-e-type=\"column\">\n\t\t\t<div class=\"elementor-widget-wrap\">\n\t\t\t\t\t\t\t<\/div>\n\t\t<\/div>\n\t\t\t\t\t<\/div>\n\t\t<\/section>\n\t\t\t\t<section class=\"elementor-section elementor-top-section elementor-element elementor-element-2ec92f4b elementor-section-boxed elementor-section-height-default elementor-section-height-default\" data-id=\"2ec92f4b\" data-element_type=\"section\" data-e-type=\"section\" data-settings=\"{&quot;background_background&quot;:&quot;gradient&quot;}\">\n\t\t\t\t\t\t<div class=\"elementor-container elementor-column-gap-default\">\n\t\t\t\t\t<div class=\"elementor-column elementor-col-100 elementor-top-column elementor-element elementor-element-2d3afc2f\" data-id=\"2d3afc2f\" data-element_type=\"column\" data-e-type=\"column\" data-settings=\"{&quot;background_background&quot;:&quot;classic&quot;}\">\n\t\t\t<div class=\"elementor-widget-wrap elementor-element-populated\">\n\t\t\t\t\t\t<section class=\"elementor-section elementor-inner-section elementor-element elementor-element-d10afd5 elementor-section-boxed elementor-section-height-default elementor-section-height-default\" data-id=\"d10afd5\" data-element_type=\"section\" data-e-type=\"section\">\n\t\t\t\t\t\t<div class=\"elementor-container elementor-column-gap-default\">\n\t\t\t\t\t<div class=\"elementor-column elementor-col-50 elementor-inner-column elementor-element elementor-element-4dda6b1\" data-id=\"4dda6b1\" data-element_type=\"column\" data-e-type=\"column\">\n\t\t\t<div class=\"elementor-widget-wrap elementor-element-populated\">\n\t\t\t\t\t\t<div class=\"elementor-element elementor-element-9677a36 elementor-widget elementor-widget-image\" data-id=\"9677a36\" data-element_type=\"widget\" data-e-type=\"widget\" data-widget_type=\"image.default\">\n\t\t\t\t<div class=\"elementor-widget-container\">\n\t\t\t\t\t\t\t\t\t\t\t\t\t\t\t\t<a href=\"https:\/\/www.uryatech.com\/wp-content\/uploads\/2024\/12\/1-KALIBRE_MAKINASI_400x400.jpg\" data-elementor-open-lightbox=\"yes\" data-elementor-lightbox-title=\"1-) KAL\u0130BRE_MAK\u0130NASI_400x400\" data-e-action-hash=\"#elementor-action%3Aaction%3Dlightbox%26settings%3DeyJpZCI6ODEwMiwidXJsIjoiaHR0cHM6XC9cL3d3dy51cnlhdGVjaC5jb21cL3dwLWNvbnRlbnRcL3VwbG9hZHNcLzIwMjRcLzEyXC8xLUtBTElCUkVfTUFLSU5BU0lfNDAweDQwMC5qcGcifQ%3D%3D\">\n\t\t\t\t\t\t\t<img fetchpriority=\"high\" decoding=\"async\" width=\"1503\" height=\"1500\" src=\"https:\/\/www.uryatech.com\/wp-content\/uploads\/2024\/12\/1-KALIBRE_MAKINASI_400x400.jpg\" class=\"attachment-full size-full wp-image-8102\" alt=\"\" srcset=\"https:\/\/www.uryatech.com\/wp-content\/uploads\/2024\/12\/1-KALIBRE_MAKINASI_400x400.jpg 1503w, https:\/\/www.uryatech.com\/wp-content\/uploads\/2024\/12\/1-KALIBRE_MAKINASI_400x400-300x300.jpg 300w, https:\/\/www.uryatech.com\/wp-content\/uploads\/2024\/12\/1-KALIBRE_MAKINASI_400x400-1024x1022.jpg 1024w, https:\/\/www.uryatech.com\/wp-content\/uploads\/2024\/12\/1-KALIBRE_MAKINASI_400x400-150x150.jpg 150w, https:\/\/www.uryatech.com\/wp-content\/uploads\/2024\/12\/1-KALIBRE_MAKINASI_400x400-768x766.jpg 768w\" sizes=\"(max-width: 1503px) 100vw, 1503px\" \/>\t\t\t\t\t\t\t\t<\/a>\n\t\t\t\t\t\t\t\t\t\t\t\t\t\t\t<\/div>\n\t\t\t\t<\/div>\n\t\t\t\t\t<\/div>\n\t\t<\/div>\n\t\t\t\t<div class=\"elementor-column elementor-col-50 elementor-inner-column elementor-element elementor-element-23ce541\" data-id=\"23ce541\" data-element_type=\"column\" data-e-type=\"column\">\n\t\t\t<div class=\"elementor-widget-wrap elementor-element-populated\">\n\t\t\t\t\t\t<div class=\"elementor-element elementor-element-9f409ab elementor-widget__width-initial elementor-widget elementor-widget-image\" data-id=\"9f409ab\" data-element_type=\"widget\" data-e-type=\"widget\" data-widget_type=\"image.default\">\n\t\t\t\t<div class=\"elementor-widget-container\">\n\t\t\t\t\t\t\t\t\t\t\t\t\t\t\t\t<a href=\"https:\/\/www.uryatech.com\/wp-content\/uploads\/2024\/12\/2-SARSAK-BOYUTLAMA-MAKINASI-2_400x400.jpg\" data-elementor-open-lightbox=\"yes\" data-elementor-lightbox-title=\"2-) SARSAK BOYUTLAMA MAK\u0130NASI (2)_400x400\" data-e-action-hash=\"#elementor-action%3Aaction%3Dlightbox%26settings%3DeyJpZCI6ODEwMCwidXJsIjoiaHR0cHM6XC9cL3d3dy51cnlhdGVjaC5jb21cL3dwLWNvbnRlbnRcL3VwbG9hZHNcLzIwMjRcLzEyXC8yLVNBUlNBSy1CT1lVVExBTUEtTUFLSU5BU0ktMl80MDB4NDAwLmpwZyJ9\">\n\t\t\t\t\t\t\t<img decoding=\"async\" width=\"1127\" height=\"1500\" src=\"https:\/\/www.uryatech.com\/wp-content\/uploads\/2024\/12\/2-SARSAK-BOYUTLAMA-MAKINASI-2_400x400.jpg\" class=\"attachment-full size-full wp-image-8100\" alt=\"\" srcset=\"https:\/\/www.uryatech.com\/wp-content\/uploads\/2024\/12\/2-SARSAK-BOYUTLAMA-MAKINASI-2_400x400.jpg 1127w, https:\/\/www.uryatech.com\/wp-content\/uploads\/2024\/12\/2-SARSAK-BOYUTLAMA-MAKINASI-2_400x400-225x300.jpg 225w, https:\/\/www.uryatech.com\/wp-content\/uploads\/2024\/12\/2-SARSAK-BOYUTLAMA-MAKINASI-2_400x400-769x1024.jpg 769w, https:\/\/www.uryatech.com\/wp-content\/uploads\/2024\/12\/2-SARSAK-BOYUTLAMA-MAKINASI-2_400x400-768x1022.jpg 768w\" sizes=\"(max-width: 1127px) 100vw, 1127px\" \/>\t\t\t\t\t\t\t\t<\/a>\n\t\t\t\t\t\t\t\t\t\t\t\t\t\t\t<\/div>\n\t\t\t\t<\/div>\n\t\t\t\t\t<\/div>\n\t\t<\/div>\n\t\t\t\t\t<\/div>\n\t\t<\/section>\n\t\t\t\t\t<\/div>\n\t\t<\/div>\n\t\t\t\t\t<\/div>\n\t\t<\/section>\n\t\t\t\t<section class=\"elementor-section elementor-top-section elementor-element elementor-element-8fcd126 elementor-section-height-min-height elementor-section-content-middle elementor-section-boxed elementor-section-height-default elementor-section-items-middle\" data-id=\"8fcd126\" data-element_type=\"section\" data-e-type=\"section\" data-settings=\"{&quot;background_background&quot;:&quot;classic&quot;}\">\n\t\t\t\t\t\t<div class=\"elementor-container elementor-column-gap-no\">\n\t\t\t\t\t<div class=\"elementor-column elementor-col-50 elementor-top-column elementor-element elementor-element-83756ee\" data-id=\"83756ee\" data-element_type=\"column\" data-e-type=\"column\" data-settings=\"{&quot;background_background&quot;:&quot;classic&quot;}\">\n\t\t\t<div class=\"elementor-widget-wrap elementor-element-populated\">\n\t\t\t\t\t\t<div class=\"elementor-element elementor-element-013b061 elementor-widget elementor-widget-elementskit-heading\" data-id=\"013b061\" data-element_type=\"widget\" data-e-type=\"widget\" data-widget_type=\"elementskit-heading.default\">\n\t\t\t\t<div class=\"elementor-widget-container\">\n\t\t\t\t\t<div class=\"ekit-wid-con\" ><div class=\"ekit-heading elementskit-section-title-wraper text_left   ekit_heading_tablet-   ekit_heading_mobile-\"><h3 class=\"elementskit-section-subtitle  \">\n\t\t\t\t\t\tBiz sizinle ileti\u015fime ge\u00e7ece\u011fiz\n\t\t\t\t\t<\/h3><h2 class=\"ekit-heading--title elementskit-section-title \">Bize Ula\u015f\u0131n<\/h2><\/div><\/div>\t\t\t\t<\/div>\n\t\t\t\t<\/div>\n\t\t\t\t<div class=\"elementor-element elementor-element-566f21a fluentform-widget-submit-button-custom elementor-widget elementor-widget-fluent-form-widget\" data-id=\"566f21a\" data-element_type=\"widget\" data-e-type=\"widget\" data-widget_type=\"fluent-form-widget.default\">\n\t\t\t\t<div class=\"elementor-widget-container\">\n\t\t\t\t\t\n            <div class=\"fluentform-widget-wrapper fluentform-widget-align-default\">\n\n            \n            <div class='fluentform ff-default fluentform_wrapper_4 ffs_default_wrap'><form data-form_id=\"4\" id=\"fluentform_4\" class=\"frm-fluent-form fluent_form_4 ff-el-form-top ff_form_instance_4_1 ff-form-loading ffs_default\" data-form_instance=\"ff_form_instance_4_1\" method=\"POST\" ><fieldset  style=\"border: none!important;margin: 0!important;padding: 0!important;background-color: transparent!important;box-shadow: none!important;outline: none!important; min-inline-size: 100%;\">\n                    <legend class=\"ff_screen_reader_title\" style=\"display: block; margin: 0!important;padding: 0!important;height: 0!important;text-indent: -999999px;width: 0!important;overflow:hidden;\">\u0130leti\u015fim Formu TR (#4)<\/legend><input type='hidden' name='__fluent_form_embded_post_id' value='7478' \/><input type=\"hidden\" id=\"_fluentform_4_fluentformnonce\" name=\"_fluentform_4_fluentformnonce\" value=\"1b7f6819d9\" \/><input type=\"hidden\" name=\"_wp_http_referer\" value=\"\/tr\/wp-json\/wp\/v2\/pages\/7478\" \/><div data-type=\"name-element\" data-name=\"name\" class=\" ff-field_container ff-name-field-wrapper\" ><div class='ff-t-container'><div class='ff-t-cell '><div class='ff-el-group'><div class=\"ff-el-input--label asterisk-right\"><label for='ff_4_name_first_name_' id='label_ff_4_name_first_name_' >Ad\u0131n\u0131z<\/label><\/div><div class='ff-el-input--content'><input type=\"text\" name=\"name[first_name]\" id=\"ff_4_name_first_name_\" class=\"ff-el-form-control\" placeholder=\"Ad\u0131n\u0131z\" aria-invalid=\"false\" aria-required=false><\/div><\/div><\/div><div class='ff-t-cell '><div class='ff-el-group'><div class=\"ff-el-input--label asterisk-right\"><label for='ff_4_name_last_name_' id='label_ff_4_name_last_name_' >Soyad\u0131n\u0131z<\/label><\/div><div class='ff-el-input--content'><input type=\"text\" name=\"name[last_name]\" id=\"ff_4_name_last_name_\" class=\"ff-el-form-control\" placeholder=\"Soyad\u0131n\u0131z\" aria-invalid=\"false\" aria-required=false><\/div><\/div><\/div><\/div><\/div><div class='ff-el-group'><div class=\"ff-el-input--label ff-el-is-required asterisk-right\"><label for='ff_4_email' id='label_ff_4_email' aria-label=\"Email Adresiniz\">Email Adresiniz<\/label><\/div><div class='ff-el-input--content'><input type=\"email\" name=\"email\" id=\"ff_4_email\" class=\"ff-el-form-control\" placeholder=\"Email Adresiniz\" data-name=\"email\"  aria-invalid=\"false\" aria-required=true><\/div><\/div><div class='ff-el-group'><div class=\"ff-el-input--label asterisk-right\"><label for='ff_4_subject' id='label_ff_4_subject' aria-label=\"Konu\">Konu<\/label><\/div><div class='ff-el-input--content'><input type=\"text\" name=\"subject\" class=\"ff-el-form-control\" data-name=\"subject\" id=\"ff_4_subject\"  aria-invalid=\"false\" aria-required=false><\/div><\/div><div class='ff-el-group'><div class=\"ff-el-input--label ff-el-is-required asterisk-right\"><label for='ff_4_message' id='label_ff_4_message' aria-label=\"Mesaj\u0131n\u0131z\">Mesaj\u0131n\u0131z<\/label><\/div><div class='ff-el-input--content'><textarea aria-required=\"true\" aria-labelledby=\"label_ff_4_message\" name=\"message\" id=\"ff_4_message\" class=\"ff-el-form-control\" placeholder=\"Mesaj\u0131n\u0131z\" rows=\"4\" cols=\"2\" data-name=\"message\" ><\/textarea><\/div><\/div><div class='ff-el-group ' ><div class='ff-el-input--content'><div data-fluent_id='4' name='g-recaptcha-response'><div\n\t\tdata-sitekey='6LenLj0rAAAAAKDoJz87IEDhWsT5AidPiuBppsZq'\n\t\tid='fluentform-recaptcha-4-1'\n\t\tclass='ff-el-recaptcha g-recaptcha'\n\t\tdata-callback='fluentFormrecaptchaSuccessCallback'><\/div><\/div><\/div><\/div><div class='ff-el-group ff-text-left ff_submit_btn_wrapper'><button type=\"submit\" class=\"ff-btn ff-btn-submit ff-btn-md ff_btn_style\"  aria-label=\"G\u00f6nder\">G\u00f6nder<\/button><\/div><\/fieldset><\/form><div id='fluentform_4_errors' class='ff-errors-in-stack ff_form_instance_4_1 ff-form-loading_errors ff_form_instance_4_1_errors'><\/div><\/div>            <script type=\"text\/javascript\">\n                window.fluent_form_ff_form_instance_4_1 = {\"id\":\"4\",\"ajaxUrl\":\"https:\\\/\\\/www.uryatech.com\\\/wp-admin\\\/admin-ajax.php\",\"settings\":{\"layout\":{\"labelPlacement\":\"top\",\"helpMessagePlacement\":\"with_label\",\"errorMessagePlacement\":\"inline\",\"cssClassName\":\"\",\"asteriskPlacement\":\"asterisk-right\"},\"restrictions\":{\"denyEmptySubmission\":{\"enabled\":false}}},\"form_instance\":\"ff_form_instance_4_1\",\"form_id_selector\":\"fluentform_4\",\"rules\":{\"name[first_name]\":{\"required\":{\"value\":false,\"message\":\"This field is required\",\"global\":false,\"global_message\":\"This field is required\"}},\"name[middle_name]\":{\"required\":{\"value\":false,\"message\":\"This field is required\",\"global\":false,\"global_message\":\"This field is required\"}},\"name[last_name]\":{\"required\":{\"value\":false,\"message\":\"This field is required\",\"global\":false,\"global_message\":\"This field is required\"}},\"email\":{\"required\":{\"value\":true,\"message\":\"Bu alan gereklidir\",\"global\":false,\"global_message\":\"This field is required\"},\"email\":{\"value\":true,\"message\":\"Bu alan ge\\u00e7erli bir e-posta i\\u00e7ermelidir\",\"global\":false,\"global_message\":\"This field must contain a valid email\"}},\"subject\":{\"required\":{\"value\":false,\"message\":\"This field is required\",\"global\":false,\"global_message\":\"This field is required\"}},\"message\":{\"required\":{\"value\":true,\"message\":\"Bu alan gereklidir\",\"global\":false,\"global_message\":\"This field is required\"}},\"g-recaptcha-response\":[]},\"debounce_time\":300};\n                            <\/script>\n                        <\/div>\n\n            \t\t\t\t<\/div>\n\t\t\t\t<\/div>\n\t\t\t\t\t<\/div>\n\t\t<\/div>\n\t\t\t\t<div class=\"elementor-column elementor-col-50 elementor-top-column elementor-element elementor-element-9b789f9\" data-id=\"9b789f9\" data-element_type=\"column\" data-e-type=\"column\">\n\t\t\t<div class=\"elementor-widget-wrap elementor-element-populated\">\n\t\t\t\t\t\t<div class=\"elementor-element elementor-element-2e5037c elementor-widget elementor-widget-elementskit-testimonial\" data-id=\"2e5037c\" data-element_type=\"widget\" data-e-type=\"widget\" data-widget_type=\"elementskit-testimonial.default\">\n\t\t\t\t<div class=\"elementor-widget-container\">\n\t\t\t\t\t<div class=\"ekit-wid-con\" ><div class=\"elementskit-testimonial-slider ekit_testimonial_style_5 arrow_inside \" data-config=\"{&quot;rtl&quot;:false,&quot;arrows&quot;:false,&quot;dots&quot;:false,&quot;pauseOnHover&quot;:false,&quot;autoplay&quot;:true,&quot;speed&quot;:1000,&quot;slidesPerGroup&quot;:1,&quot;slidesPerView&quot;:1,&quot;loop&quot;:false,&quot;spaceBetween&quot;:0,&quot;breakpoints&quot;:{&quot;320&quot;:{&quot;slidesPerView&quot;:1,&quot;slidesPerGroup&quot;:1,&quot;spaceBetween&quot;:10},&quot;768&quot;:{&quot;slidesPerView&quot;:2,&quot;slidesPerGroup&quot;:1,&quot;spaceBetween&quot;:10},&quot;1024&quot;:{&quot;slidesPerView&quot;:1,&quot;slidesPerGroup&quot;:1,&quot;spaceBetween&quot;:15}}}\">\n\t<div class=\"ekit-main-swiper swiper\">\n\t\t<div class=\"swiper-wrapper\">\n\t\t\t\t\t\t\t<div class=\"swiper-slide\">\n\t\t\t\t\t<div class=\"swiper-slide-inner\">\n\t\t\t\t\t\t<div class=\"elementskit-single-testimonial-slider elementskit-testimonial-slider-block-style elementskit-testimonial-slider-block-style-two   elementor-repeater-item-b8cbd17\" >\n\t\t\t\t\t\t\t<div class=\"elementskit-commentor-header\">\n\t\t\t\t\t\t\t\t\n\t\t\t\t\t\t\t\t\t\t\t\t\t\t\t<\/div>\n\t\t\t\t\t\t\t\n\t\t\t\t\t\t\t\t\t\t\t\t\t\t\t<div class=\"elementskit-commentor-content\"><p>\"Uzman ekipleri sayesinde g\u0131da tesisimiz kusursuz bir \u015fekilde faaliyete ge\u00e7ti. Proses hatt\u0131 tasar\u0131m\u0131 ve makineleri hem kalite hem de performans a\u00e7\u0131s\u0131ndan beklentilerimizi a\u015ft\u0131.\"<\/p><\/div>\n\t\t\t\t\t\t\t\n\t\t\t\t\t\t\t<div class=\"elementskit-commentor-bio\">\n\t\t\t\t\t\t\t\t<div class=\"elementkit-commentor-details client_left\">\n\t\t\t\t\t\t\t\t\t\t\t\t\t\t\t\t\t\t<div class=\"elementskit-profile-info\">\n\t\t\t\t\t\t\t\t\t\t<strong class=\"elementskit-author-name\">Ali A.<\/strong>\n\t\t\t\t\t\t\t\t\t\t<span class=\"elementskit-author-des\">\u00dcretim M\u00fcd\u00fcr\u00fc<\/span>\n\t\t\t\t\t\t\t\t\t<\/div>\n\t\t\t\t\t\t\t\t<\/div>\n\t\t\t\t\t\t\t<\/div>\n\t\t\t\t\t\t<\/div>\n\t\t\t\t\t<\/div>\n\t\t\t\t<\/div>\n\t\t\t\t\t\t\t<div class=\"swiper-slide\">\n\t\t\t\t\t<div class=\"swiper-slide-inner\">\n\t\t\t\t\t\t<div class=\"elementskit-single-testimonial-slider elementskit-testimonial-slider-block-style elementskit-testimonial-slider-block-style-two   elementor-repeater-item-b21bc65\" >\n\t\t\t\t\t\t\t<div class=\"elementskit-commentor-header\">\n\t\t\t\t\t\t\t\t\n\t\t\t\t\t\t\t\t\t\t\t\t\t\t\t<\/div>\n\t\t\t\t\t\t\t\n\t\t\t\t\t\t\t\t\t\t\t\t\t\t\t<div class=\"elementskit-commentor-content\"><p>\"Tesis planlamas\u0131ndan personel e\u011fitimine kadar her \u015feyi kapsayan bir hizmet sa\u011flad\u0131lar. Uzmanl\u0131klar\u0131 t\u00fcm s\u00fcreci sorunsuz ve verimli hale getirdi.\"<\/p><\/div>\n\t\t\t\t\t\t\t\n\t\t\t\t\t\t\t<div class=\"elementskit-commentor-bio\">\n\t\t\t\t\t\t\t\t<div class=\"elementkit-commentor-details client_left\">\n\t\t\t\t\t\t\t\t\t\t\t\t\t\t\t\t\t\t<div class=\"elementskit-profile-info\">\n\t\t\t\t\t\t\t\t\t\t<strong class=\"elementskit-author-name\">Esma L.<\/strong>\n\t\t\t\t\t\t\t\t\t\t<span class=\"elementskit-author-des\">Operasyon Direkt\u00f6r\u00fc<\/span>\n\t\t\t\t\t\t\t\t\t<\/div>\n\t\t\t\t\t\t\t\t<\/div>\n\t\t\t\t\t\t\t<\/div>\n\t\t\t\t\t\t<\/div>\n\t\t\t\t\t<\/div>\n\t\t\t\t<\/div>\n\t\t\t\t\t<\/div>\n\n\t\t\n\t\t\t<\/div>\n<\/div><\/div>\t\t\t\t<\/div>\n\t\t\t\t<\/div>\n\t\t\t\t\t<\/div>\n\t\t<\/div>\n\t\t\t\t\t<\/div>\n\t\t<\/section>\n\t\t\t\t<\/div>\n\t\t","protected":false},"excerpt":{"rendered":"<p>Boyutlama Biz sizinle ileti\u015fime ge\u00e7ece\u011fiz Bize Ula\u015f\u0131n \u0130leti\u015fim Formu TR (#4) Ad\u0131n\u0131zSoyad\u0131n\u0131zEmail AdresinizKonuMesaj\u0131n\u0131zG\u00f6nder &#8220;Uzman ekipleri sayesinde g\u0131da tesisimiz kusursuz bir \u015fekilde faaliyete ge\u00e7ti. Proses hatt\u0131 tasar\u0131m\u0131 ve makineleri hem kalite hem de performans a\u00e7\u0131s\u0131ndan beklentilerimizi a\u015ft\u0131.&#8221; Ali A. \u00dcretim M\u00fcd\u00fcr\u00fc &#8220;Tesis planlamas\u0131ndan personel e\u011fitimine kadar her \u015feyi kapsayan bir hizmet sa\u011flad\u0131lar. Uzmanl\u0131klar\u0131 t\u00fcm s\u00fcreci sorunsuz [&hellip;]<\/p>\n","protected":false},"author":1,"featured_media":0,"parent":0,"menu_order":34,"comment_status":"closed","ping_status":"closed","template":"","meta":{"footnotes":""},"class_list":["post-7478","page","type-page","status-publish","hentry"],"aioseo_notices":[],"_links":{"self":[{"href":"https:\/\/www.uryatech.com\/tr\/wp-json\/wp\/v2\/pages\/7478","targetHints":{"allow":["GET"]}}],"collection":[{"href":"https:\/\/www.uryatech.com\/tr\/wp-json\/wp\/v2\/pages"}],"about":[{"href":"https:\/\/www.uryatech.com\/tr\/wp-json\/wp\/v2\/types\/page"}],"author":[{"embeddable":true,"href":"https:\/\/www.uryatech.com\/tr\/wp-json\/wp\/v2\/users\/1"}],"replies":[{"embeddable":true,"href":"https:\/\/www.uryatech.com\/tr\/wp-json\/wp\/v2\/comments?post=7478"}],"version-history":[{"count":17,"href":"https:\/\/www.uryatech.com\/tr\/wp-json\/wp\/v2\/pages\/7478\/revisions"}],"predecessor-version":[{"id":8673,"href":"https:\/\/www.uryatech.com\/tr\/wp-json\/wp\/v2\/pages\/7478\/revisions\/8673"}],"wp:attachment":[{"href":"https:\/\/www.uryatech.com\/tr\/wp-json\/wp\/v2\/media?parent=7478"}],"curies":[{"name":"wp","href":"https:\/\/api.w.org\/{rel}","templated":true}]}}